{"id":169,"date":"2025-11-24T06:00:11","date_gmt":"2025-11-24T06:00:11","guid":{"rendered":"https:\/\/grieche-hamburg.de\/?page_id=169"},"modified":"2025-11-24T11:05:19","modified_gmt":"2025-11-24T11:05:19","slug":"169-2","status":"publish","type":"page","link":"https:\/\/grieche-hamburg.de\/index.php\/169-2\/","title":{"rendered":"Neue Startseite"},"content":{"rendered":"<p>[et_pb_section bb_built=&#8220;1&#8243; _builder_version=&#8220;3.21.4&#8243; custom_margin=&#8220;2px||&#8220;][et_pb_row _builder_version=&#8220;3.21.4&#8243;][et_pb_column type=&#8220;1_4&#8243;][et_pb_text _builder_version=&#8220;3.21.4&#8243; z_index_tablet=&#8220;500&#8243;]<\/p>\n<p>&nbsp;<\/p>\n<p style=\"text-align: justify;\"><a href=\"https:\/\/grieche-hamburg.de\/index.php\/169-2\/\"><strong>Startseite<\/strong><\/a><\/p>\n<p style=\"text-align: justify;\"><a href=\"https:\/\/grieche-hamburg.de\/index.php\/ueber-uns\/\"><strong>\u00dcber uns<\/strong><\/a><\/p>\n<p style=\"text-align: justify;\"><a href=\"https:\/\/grieche-hamburg.de\/index.php\/galerie\/\"><strong>Galerie<\/strong><\/a><\/p>\n<p style=\"text-align: justify;\"><a href=\"https:\/\/grieche-hamburg.de\/index.php\/speisekarte\/\"><strong>Speisekarte<\/strong><\/a><\/p>\n<p style=\"text-align: justify;\"><a href=\"https:\/\/grieche-hamburg.de\/index.php\/oeffnungszeiten\/\"><strong>\u00d6ffnungszeiten<\/strong><\/a><\/p>\n<p style=\"text-align: justify;\"><a href=\"https:\/\/grieche-hamburg.de\/index.php\/kontakt\/\"><strong>Kontakt<\/strong><\/a><\/p>\n<p style=\"text-align: justify;\"><a href=\"https:\/\/grieche-hamburg.de\/index.php\/bewertungen\/\"><strong>Bewertungen<\/strong><\/a><\/p>\n<p style=\"text-align: justify;\"><a href=\"https:\/\/grieche-hamburg.de\/index.php\/instagram\/\"><strong>Instagram<\/strong><\/a><\/p>\n<p style=\"text-align: justify;\"><a href=\"https:\/\/grieche-hamburg.de\/index.php\/bewerten-sie-uns\/\"><strong>Bewerten sie uns<\/strong><\/a><\/p>\n<p style=\"text-align: justify;\"><a href=\"https:\/\/grieche-hamburg.de\/index.php\/anfahrt\/\"><strong>Anfahrt<\/strong><\/a><\/p>\n<p style=\"text-align: justify;\"><a href=\"https:\/\/grieche-hamburg.de\/index.php\/impressum\/\"><strong>Impressum<\/strong><\/a><\/p>\n<p>[\/et_pb_text][\/et_pb_column][et_pb_column type=&#8220;3_4&#8243;][et_pb_image src=&#8220;https:\/\/grieche-hamburg.de\/wp-content\/uploads\/2025\/11\/logo-final.png&#8220; _builder_version=&#8220;3.21.4&#8243; max_width=&#8220;70%&#8220; module_alignment=&#8220;center&#8220; custom_padding=&#8220;0px||&#8220; z_index_tablet=&#8220;500&#8243;]<\/p>\n<p>[\/et_pb_image][et_pb_text _builder_version=&#8220;3.21.4&#8243; custom_margin=&#8220;-18px||&#8220; z_index_tablet=&#8220;500&#8243;]<\/p>\n<p>Die Taverna Santorini gibt es hier in Niendorf schon seit \u00fcber 10 Jahren. Seit Tag eins sorgt Lefteris Giankoulas daf\u00fcr, dass du bei uns ein St\u00fcck Griechenland erleben kannst \u2013 ehrlich, herzlich und absolut lecker.<\/p>\n<p>Unsere Idee ist simpel: gutes Essen, entspannte Atmosph\u00e4re und ein Service, der von Herzen kommt. Wir m\u00f6chten, dass du dich bei uns genauso willkommen f\u00fchlst wie in einer traditionellen Taverna in Griechenland.<\/p>\n<p>Unsere K\u00fcche setzt auf frische Zutaten, typische Gew\u00fcrze, hausgemachte Vorspeisen und Grillgerichte, die du sonst nur aus dem Urlaub kennst. Viele unserer G\u00e4ste begleiten uns seit Jahren \u2013 und genau das macht unsere Taverna zu dem, was sie ist: ein vertrauter, warmer Ort, an dem man gern bleibt.<\/p>\n<p>Komm vorbei, setz dich, genie\u00df etwas Leckeres \u2013 der Rest ergibt sich von selbst.<\/p>\n<p>\u00a0<\/p>\n<p>\u00a0<\/p>\n<p>\u00a0<\/p>\n<p>\u00a0<\/p>\n<p>\u00a0<\/p>\n<p>[\/et_pb_text][et_pb_image src=&#8220;https:\/\/grieche-hamburg.de\/wp-content\/uploads\/2019\/06\/Santorini-aussen.jpeg&#8220; _builder_version=&#8220;3.21.4&#8243; border_radii=&#8220;on|20px|20px|20px|20px&#8220;]<\/p>\n<p>[\/et_pb_image][\/et_pb_column][\/et_pb_row][\/et_pb_section]<\/p>\n","protected":false},"excerpt":{"rendered":"<p>[et_pb_section bb_built=&#8220;1&#8243; _builder_version=&#8220;3.21.4&#8243; custom_margin=&#8220;2px||&#8220;][et_pb_row _builder_version=&#8220;3.21.4&#8243;][et_pb_column type=&#8220;1_4&#8243;][et_pb_text _builder_version=&#8220;3.21.4&#8243; z_index_tablet=&#8220;500&#8243;] &nbsp; Startseite \u00dcber uns Galerie Speisekarte \u00d6ffnungszeiten Kontakt Bewertungen Instagram Bewerten sie uns Anfahrt Impressum [\/et_pb_text][\/et_pb_column][et_pb_column type=&#8220;3_4&#8243;][et_pb_image src=&#8220;https:\/\/grieche-hamburg.de\/wp-content\/uploads\/2025\/11\/logo-final.png&#8220; _builder_version=&#8220;3.21.4&#8243; max_width=&#8220;70%&#8220; module_alignment=&#8220;center&#8220; custom_padding=&#8220;0px||&#8220; z_index_tablet=&#8220;500&#8243;] [\/et_pb_image][et_pb_text _builder_version=&#8220;3.21.4&#8243; custom_margin=&#8220;-18px||&#8220; z_index_tablet=&#8220;500&#8243;] Die Taverna Santorini gibt es hier in Niendorf schon seit \u00fcber 10 Jahren. Seit Tag eins sorgt Lefteris Giankoulas daf\u00fcr, [&hellip;]<\/p>\n","protected":false},"author":3,"featured_media":0,"parent":0,"menu_order":0,"comment_status":"closed","ping_status":"closed","template":"","meta":{"_et_pb_use_builder":"on","_et_pb_old_content":""},"_links":{"self":[{"href":"https:\/\/grieche-hamburg.de\/index.php\/wp-json\/wp\/v2\/pages\/169"}],"collection":[{"href":"https:\/\/grieche-hamburg.de\/index.php\/wp-json\/wp\/v2\/pages"}],"about":[{"href":"https:\/\/grieche-hamburg.de\/index.php\/wp-json\/wp\/v2\/types\/page"}],"author":[{"embeddable":true,"href":"https:\/\/grieche-hamburg.de\/index.php\/wp-json\/wp\/v2\/users\/3"}],"replies":[{"embeddable":true,"href":"https:\/\/grieche-hamburg.de\/index.php\/wp-json\/wp\/v2\/comments?post=169"}],"version-history":[{"count":22,"href":"https:\/\/grieche-hamburg.de\/index.php\/wp-json\/wp\/v2\/pages\/169\/revisions"}],"predecessor-version":[{"id":362,"href":"https:\/\/grieche-hamburg.de\/index.php\/wp-json\/wp\/v2\/pages\/169\/revisions\/362"}],"wp:attachment":[{"href":"https:\/\/grieche-hamburg.de\/index.php\/wp-json\/wp\/v2\/media?parent=169"}],"curies":[{"name":"wp","href":"https:\/\/api.w.org\/{rel}","templated":true}]}}