{"id":223,"date":"2025-11-24T08:29:02","date_gmt":"2025-11-24T08:29:02","guid":{"rendered":"https:\/\/grieche-hamburg.de\/?page_id=223"},"modified":"2025-11-24T11:01:48","modified_gmt":"2025-11-24T11:01:48","slug":"bewertungen","status":"publish","type":"page","link":"https:\/\/grieche-hamburg.de\/index.php\/bewertungen\/","title":{"rendered":"Bewertungen"},"content":{"rendered":"<p>[et_pb_section bb_built=&#8220;1&#8243; _builder_version=&#8220;3.0.47&#8243;][et_pb_row _builder_version=&#8220;3.0.48&#8243; background_size=&#8220;initial&#8220; background_position=&#8220;top_left&#8220; background_repeat=&#8220;repeat&#8220;][et_pb_column type=&#8220;1_4&#8243;][et_pb_text _builder_version=&#8220;3.21.4&#8243; z_index_tablet=&#8220;500&#8243; custom_margin=&#8220;0px|||&#8220;]<\/p>\n<p>\u00a0<\/p>\n<p><a href=\"https:\/\/grieche-hamburg.de\/index.php\/169-2\/\"><strong>Startseite<\/strong><\/a><\/p>\n<p><a href=\"https:\/\/grieche-hamburg.de\/index.php\/ueber-uns\/\"><strong>\u00dcber uns<\/strong><\/a><\/p>\n<p><a href=\"https:\/\/grieche-hamburg.de\/index.php\/galerie\/\"><strong>Galerie<\/strong><\/a><\/p>\n<p><a href=\"https:\/\/grieche-hamburg.de\/index.php\/speisekarte\/\"><strong>Speisekarte<\/strong><\/a><\/p>\n<p><a href=\"https:\/\/grieche-hamburg.de\/index.php\/oeffnungszeiten\/\"><strong>\u00d6ffnungszeiten<\/strong><\/a><\/p>\n<p><a href=\"https:\/\/grieche-hamburg.de\/index.php\/kontakt\/\"><strong>Kontakt<\/strong><\/a><\/p>\n<p><a href=\"https:\/\/grieche-hamburg.de\/index.php\/bewertungen\/\"><strong>Bewertungen<\/strong><\/a><\/p>\n<p><a href=\"https:\/\/grieche-hamburg.de\/index.php\/instagram\/\"><strong>Instagram<\/strong><\/a><\/p>\n<p><a href=\"https:\/\/grieche-hamburg.de\/index.php\/bewerten-sie-uns\/\"><strong>Bewerten sie uns<\/strong><\/a><\/p>\n<p><a href=\"https:\/\/grieche-hamburg.de\/index.php\/anfahrt\/\"><strong>Anfahrt<\/strong><\/a><\/p>\n<p><a href=\"https:\/\/grieche-hamburg.de\/index.php\/impressum\/\"><strong>Impressum<\/strong><\/a><\/p>\n<p>[\/et_pb_text][\/et_pb_column][et_pb_column type=&#8220;3_4&#8243;][et_pb_image src=&#8220;https:\/\/grieche-hamburg.de\/wp-content\/uploads\/2025\/11\/logo-final.png&#8220; align=&#8220;center&#8220; _builder_version=&#8220;3.21.4&#8243; max_width=&#8220;70%&#8220; module_alignment=&#8220;center&#8220; z_index_tablet=&#8220;500&#8243;]<\/p>\n<p>[\/et_pb_image][et_pb_testimonial author=&#8220;Maik B&#8220; job_title=&#8220;Kalim\u00e9ra aus Hamburg-Niendorf!&#8220; _builder_version=&#8220;3.21.4&#8243; z_index_tablet=&#8220;500&#8243;]<\/p>\n<p>Wir \u2013 meine Frau Steffi und ich \u2013 waren bereits mehrfach in der Taverna Santorini (Wendlohstra\u00dfe\u202f13, 22459 Hamburg) zu Gast und sind jedes Mal rundum begeistert. Die Atmosph\u00e4re ist herzlich und einladend, perfekt f\u00fcr ein entspanntes griechisches Essen, sei es unter der Woche oder am Wochenende.<\/p>\n<p>Was uns besonders gef\u00e4llt:<\/p>\n<p>Freundliches, sehr aufmerksam agierendes Personal \u2013 man f\u00fchlt sich jederzeit bestens betreut.<\/p>\n<p>Kulinarische Highlights vom Feinsten \u2013 klassische griechische K\u00fcche in hervorragender Qualit\u00e4t und sehr liebevoll zubereitet.<\/p>\n<p>Charmante Betreiber \u2013 Leftie und Maria \u2013 sie hei\u00dfen jeden Gast pers\u00f6nlich willkommen und sorgen mit echter Gastfreundschaft f\u00fcr ein besonderes Flair.<\/p>\n<p>Fazit: Ein echter Geheimtipp in Niendorf \u2013 f\u00fcr uns mittlerweile Stammhaus! Freundliche Gastgeber, tolle Atmosph\u00e4re und Essen mit Herz \u2013 klare Empfehlung. Kal\u00ed yge\u00eda \u2013 auf Euch, Leftie &amp; Maria! \ud83d\udc4f<\/p>\n<p>[\/et_pb_testimonial][et_pb_testimonial author=&#8220;Torsten Peisker&#8220; _builder_version=&#8220;3.21.4&#8243; z_index_tablet=&#8220;500&#8243;]<\/p>\n<p>Ein sehr sch\u00f6nes Lokal mit sehr guter K\u00fcche und netten Personal. Wir haben Mittagstisch dort gegessen f\u00fcr 12\u20ac inclusive einer Suppe vorweg und Gyros als Hauptgericht. Ich bin mehr als satt geworden und die Qualit\u00e4t vom Fleisch war sagenhaft lecker und perfekt gegrillt! Wir sind auf jedenfall das n\u00e4chste Mal wieder dort!<\/p>\n<p>[\/et_pb_testimonial][et_pb_testimonial author=&#8220;Steffi A.&#8220; _builder_version=&#8220;3.21.4&#8243; z_index_tablet=&#8220;500&#8243;]<\/p>\n<p>Ein wirklich wundersch\u00f6ner Laden! Super Personal, grandioses Essen und mega Gastfreundlichkeit. Wir kommen gerne wieder. \ud83e\udef6 Sch\u00f6n gek\u00fchles Mythos, einfach Welt \ud83d\udc4d<\/p>\n<p>[\/et_pb_testimonial][et_pb_testimonial author=&#8220;Tobias Naeve&#8220; _builder_version=&#8220;3.21.4&#8243; z_index_tablet=&#8220;500&#8243;]<\/p>\n<p>Sehr empfehlenswert.<br \/>Gyros bestellt. Sehr schmackhaft und der Wunsch es knusprig zu bringen wurde erf\u00fcllt . Vorspeisensalat hat auch nicht entt\u00e4uscht<\/p>\n<p>[\/et_pb_testimonial][\/et_pb_column][\/et_pb_row][\/et_pb_section]<\/p>\n","protected":false},"excerpt":{"rendered":"<p>[et_pb_section bb_built=&#8220;1&#8243; _builder_version=&#8220;3.0.47&#8243;][et_pb_row _builder_version=&#8220;3.0.48&#8243; background_size=&#8220;initial&#8220; background_position=&#8220;top_left&#8220; background_repeat=&#8220;repeat&#8220;][et_pb_column type=&#8220;1_4&#8243;][et_pb_text _builder_version=&#8220;3.21.4&#8243; z_index_tablet=&#8220;500&#8243; custom_margin=&#8220;0px|||&#8220;] \u00a0 Startseite \u00dcber uns Galerie Speisekarte \u00d6ffnungszeiten Kontakt Bewertungen Instagram Bewerten sie uns Anfahrt Impressum [\/et_pb_text][\/et_pb_column][et_pb_column type=&#8220;3_4&#8243;][et_pb_image src=&#8220;https:\/\/grieche-hamburg.de\/wp-content\/uploads\/2025\/11\/logo-final.png&#8220; align=&#8220;center&#8220; _builder_version=&#8220;3.21.4&#8243; max_width=&#8220;70%&#8220; module_alignment=&#8220;center&#8220; z_index_tablet=&#8220;500&#8243;] [\/et_pb_image][et_pb_testimonial author=&#8220;Maik B&#8220; job_title=&#8220;Kalim\u00e9ra aus Hamburg-Niendorf!&#8220; _builder_version=&#8220;3.21.4&#8243; z_index_tablet=&#8220;500&#8243;] Wir \u2013 meine Frau Steffi und ich \u2013 waren bereits mehrfach in der [&hellip;]<\/p>\n","protected":false},"author":3,"featured_media":0,"parent":0,"menu_order":0,"comment_status":"closed","ping_status":"closed","template":"","meta":{"_et_pb_use_builder":"on","_et_pb_old_content":""},"_links":{"self":[{"href":"https:\/\/grieche-hamburg.de\/index.php\/wp-json\/wp\/v2\/pages\/223"}],"collection":[{"href":"https:\/\/grieche-hamburg.de\/index.php\/wp-json\/wp\/v2\/pages"}],"about":[{"href":"https:\/\/grieche-hamburg.de\/index.php\/wp-json\/wp\/v2\/types\/page"}],"author":[{"embeddable":true,"href":"https:\/\/grieche-hamburg.de\/index.php\/wp-json\/wp\/v2\/users\/3"}],"replies":[{"embeddable":true,"href":"https:\/\/grieche-hamburg.de\/index.php\/wp-json\/wp\/v2\/comments?post=223"}],"version-history":[{"count":17,"href":"https:\/\/grieche-hamburg.de\/index.php\/wp-json\/wp\/v2\/pages\/223\/revisions"}],"predecessor-version":[{"id":351,"href":"https:\/\/grieche-hamburg.de\/index.php\/wp-json\/wp\/v2\/pages\/223\/revisions\/351"}],"wp:attachment":[{"href":"https:\/\/grieche-hamburg.de\/index.php\/wp-json\/wp\/v2\/media?parent=223"}],"curies":[{"name":"wp","href":"https:\/\/api.w.org\/{rel}","templated":true}]}}