{"id":3,"date":"2019-04-09T09:59:04","date_gmt":"2019-04-09T09:59:04","guid":{"rendered":"https:\/\/grieche-hamburg.anywhere.de\/?page_id=3"},"modified":"2019-04-25T12:30:21","modified_gmt":"2019-04-25T12:30:21","slug":"datenschutz","status":"publish","type":"page","link":"https:\/\/grieche-hamburg.de\/index.php\/datenschutz\/","title":{"rendered":"Datenschutz"},"content":{"rendered":"<p>[et_pb_section bb_built=&#8220;1&#8243; _builder_version=&#8220;3.21.4&#8243; background_image=&#8220;https:\/\/grieche-hamburg.de\/wp-content\/uploads\/2019\/04\/bg-3.jpg&#8220; background_position=&#8220;top_center&#8220; z_index_tablet=&#8220;500&#8243; background_color=&#8220;#e8e7e2&#8243; border_color_all=&#8220;#e02b20&#8243;][et_pb_row _builder_version=&#8220;3.21.4&#8243; z_index_tablet=&#8220;500&#8243; gutter_width=&#8220;4&#8243;][et_pb_column type=&#8220;4_4&#8243;][et_pb_image admin_label=&#8220;Banner&#8220; _builder_version=&#8220;3.21.4&#8243; src=&#8220;https:\/\/grieche-hamburg.de\/wp-content\/uploads\/2019\/04\/Taverna-Banner.jpg&#8220; z_index_tablet=&#8220;500&#8243; align=&#8220;center&#8220; force_fullwidth=&#8220;on&#8220; url=&#8220;https:\/\/grieche-hamburg.de&#8220; \/][et_pb_divider _builder_version=&#8220;3.21.4&#8243; show_divider=&#8220;off&#8220; z_index_tablet=&#8220;500&#8243; \/][\/et_pb_column][\/et_pb_row][et_pb_row _builder_version=&#8220;3.21.4&#8243; background_color=&#8220;#ffffff&#8220; z_index_tablet=&#8220;500&#8243; custom_padding=&#8220;30px|30px|30px|30px&#8220;][et_pb_column type=&#8220;4_4&#8243;][et_pb_text _builder_version=&#8220;3.21.4&#8243; z_index_tablet=&#8220;500&#8243; text_text_color=&#8220;#606060&#8243; header_text_color=&#8220;#025394&#8243;]<\/p>\n<p>I. Datenschutzhinweise<\/p>\n<p>1. Allgemeine Hinweise<br \/>\nDer Schutz Ihrer pers\u00f6nlichen Daten ist uns sehr wichtig. Wir halten uns selbstverst\u00e4ndlich an die Bestimmungen der EU-DSGVO. Die folgenden Hinweise geben einen einfachen \u00dcberblick dar\u00fcber, was mit Ihren personenbezogenen Daten passiert, wenn Sie unsere Webseite nutzen. Personenbezogene Daten sind alle Daten, mit denen Sie pers\u00f6nlich identifiziert werden k\u00f6nnen.<\/p>\n<p>2. Kontaktdaten<br \/>\nVerantwortlich f\u00fcr die Verarbeitung ist:<br \/>\nLefti Giankoulas<br \/>\nWendlohstr. 13<br \/>\n22459 Hamburg<br \/>\nDeutschland<\/p>\n<p>Telefon: (040) 226 28 444<br \/>\nE-Mail: taverna-santorini@grieche-hamburg.de<\/p>\n<p>3. Zweck und rechtliche Grundlage<br \/>\nUm den Betrieb unserer Website sicherstellen zu k\u00f6nnen und Sie optimal zu informieren, nutzen wir technische M\u00f6glichkeiten, die Nutzung unserer Website zu \u00fcberwachen. Diese Datenerhebung ist in diesem Dokument gesondert erl\u00e4utert.<br \/>\nIn keinem Fall verwenden wir die hierbei erhobenen Daten zu dem Zweck, R\u00fcckschl\u00fcsse auf Ihre Person zu ziehen.<br \/>\nDie Rechtsgrundlage f\u00fcr diese Verarbeitung ist das berechtigte Interesse (Artikel 6 (1) lit. f DSGVO), unsere Dienstleistung professionell und sicher zu betreiben.<\/p>\n<p>4. Wof\u00fcr nutzen wir Ihre Daten?<br \/>\nWir erheben nur Daten, die die fehlerfreie Bereitstellung des Dienstes gew\u00e4hrleisten (hierzu unten mehr im Punkt II Datenerfassung auf unserer Webseite).<\/p>\n<p>5. Empf\u00e4nger bzw. Weitergabe personenbezogener Daten<br \/>\nWir geben ohne Ihre ausdr\u00fcckliche Einwilligung keine personenbezogenen Daten an Dritte weiter.<br \/>\nHiervon ausgenommen sind unsere Dienstleistungspartner, die wir zur Abwicklung der Vertragsverh\u00e4ltnisse ben\u00f6tigen. Auch in diesen F\u00e4llen werden die datenschutzrechtlichen Vorgaben eingehalten. Dabei beschr\u00e4nkt sich der Umfang der Daten\u00fcbermittlung auf das zul\u00e4ssige Mindestma\u00df.<\/p>\n<p>Folgende Dienstleistungspartner sind an der Abwicklung beteiligt:  <\/p>\n<p>anywhere mobile GmbH<br \/>\nHoheluftchaussee 40A<br \/>\n20253 Hamburg <\/p>\n<p>6. Hinweise zur Wahrung der Betroffenenrechte<\/p>\n<p>Widerruf der Einwilligung<br \/>\nViele Datenverarbeitungsvorg\u00e4nge sind nur mit Ihrer ausdr\u00fccklichen Einwilligung m\u00f6glich. Sie k\u00f6nnen die von Ihnen erteilte Einwilligung jederzeit widerrufen. Dazu reicht eine formlose E-Mail an uns. Die Rechtm\u00e4\u00dfigkeit der bis zum Widerruf erfolgten Datenvereinbarung bleibt vom Widerruf unber\u00fchrt.<\/p>\n<p>Auskunftsrechte des Betroffenen<br \/>\nIhnen steht jederzeit das Recht auf unentgeltliche Auskunft, Berichtigung, L\u00f6schung bzw. Sperrung Ihrer Daten zu.<br \/>\nDes Weiteren haben Sie das Recht auf Berichtigung unrichtiger oder unvollst\u00e4ndig gespeicherter Daten.<\/p>\n<p>Beschwerderecht<br \/>\nGem. Art. 77 DSGVO steht Ihnen das Recht zur Beschwerde bei der Aufsichtsbeh\u00f6rde zu.<br \/>\n(Kontakt siehe unten)<\/p>\n<p>7. Hinweise zum Widerspruchsrecht<br \/>\nWir weisen Sie darauf hin, dass Ihnen gem. Art. 21 DSGVO ein Widerspruchsrecht f\u00fcr den Fall, das personenbezogene Daten verarbeitet werden, zusteht.<br \/>\nDer Widerspruch kann schriftlich erfolgen oder per E-Mail an die oben genannte Adresse.<\/p>\n<p>8. Beschwerderecht bei der zust\u00e4ndigen Aufsichtsbeh\u00f6rde<br \/>\nIm Falle datenschutzrechtlicher Verst\u00f6\u00dfe steht dem Betroffenen ein Beschwerderecht bei der zust\u00e4ndigen Aufsichtsbeh\u00f6rde zu. Zust\u00e4ndige Aufsichtsbeh\u00f6rde in datenschutzrechtlichen Fragen ist:<\/p>\n<p>Der Hamburgische Beauftragte f\u00fcr Datenschutz und Informationsfreiheit<br \/>\nLudwig-Erhard-Str. 22, 7. OG<br \/>\n20459 Hamburg<br \/>\nTel.: 040 \/ 428 54 &#8211; 4040<br \/>\nFax: 040 \/ 428 54 &#8211; 4000<\/p>\n<p>E-Mail: mailbox@datenschutz.hamburg.de<\/p>\n<p>9. Recht auf Daten\u00fcbertragbarkeit<br \/>\nSie haben das Recht, Daten, die wir auf Grundlage Ihrer Einwilligung oder in Erf\u00fcllung eines Vertrags automatisiert verarbeiten, an sich oder an einen Dritten in einem g\u00e4ngigen, maschinenlesbaren Format aush\u00e4ndigen zu lassen.<\/p>\n<p>10. Auskunft, Sperrung, L\u00f6schung<br \/>\nSie haben im Rahmen der geltenden gesetzlichen Bestimmungen jederzeit das Recht auf unentgeltliche Auskunft \u00fcber Ihre gespeicherten personenbezogenen Daten, deren Herkunft und Empf\u00e4nger und den Zweck der Datenverarbeitung und ggf. ein Recht auf Berichtigung, Sperrung oder L\u00f6schung dieser Daten. Gesetzliche Bestimmungen zu Aufbewahrungs- und Dokumentationsfristen sind zu beachten. Hierzu sowie zu weiteren Fragen zum Thema personenbezogene Daten k\u00f6nnen Sie sich jederzeit unter der bei Kontaktdaten angegebenen Adresse an uns wenden.<\/p>\n<p>II. Datenerfassung auf unserer Website<\/p>\n<p>Cookies<br \/>\nDie Internetseiten verwenden teilweise so genannte Cookies. Cookies richten auf Ihrem Rechner keinen Schaden an und dienen dazu, unser Angebot nutzerfreundlicher, effektiver und sicherer zu machen. Cookies sind kleine Textdateien, die auf Ihrem Rechner abgelegt werden und die Ihr Browser speichert.<\/p>\n<p>Die meisten der von uns verwendeten Cookies sind so genannte \u201cSession-Cookies\u201d. Sie werden nach Ende Ihres Besuchs automatisch gel\u00f6scht. Andere Cookies bleiben auf Ihrem Endger\u00e4t gespeichert, bis Sie diese l\u00f6schen. Diese Cookies erm\u00f6glichen es uns, Ihren Browser beim n\u00e4chsten Besuch wiederzuerkennen.<\/p>\n<p>Sie k\u00f6nnen Ihren Browser so einstellen, dass Sie \u00fcber das Setzen von Cookies informiert werden und Cookies nur im Einzelfall erlauben, die Annahme von Cookies f\u00fcr bestimmte F\u00e4lle oder generell ausschlie\u00dfen sowie das automatische L\u00f6schen der Cookies beim Schlie\u00dfen des Browsers aktivieren. Bei der Deaktivierung von Cookies kann die Funktionalit\u00e4t dieser Website eingeschr\u00e4nkt sein.<\/p>\n<p>Cookies, die zur Durchf\u00fchrung des elektronischen Kommunikationsvorgangs oder zur Bereitstellung bestimmter, von Ihnen erw\u00fcnschter Funktionen (z.B. Warenkorbfunktion) erforderlich sind, werden auf Grundlage von Art. 6 (1) lit. f DSGVO gespeichert. Der Websitebetreiber hat ein berechtigtes Interesse an der Speicherung von Cookies zur technisch fehlerfreien und optimierten Bereitstellung seiner Dienste.<\/p>\n<p>Server-Log-Dateien<br \/>\nDer Provider der Seiten erhebt und speichert automatisch Informationen, die Ihr Browser automatisch an uns \u00fcbermittelt, in so genannten Server-Log-Dateien.<br \/>\nDies sind:<br \/>\nBrowsertyp und Browserversion<br \/>\nVerwendetes Betriebssystem<br \/>\nReferrer-URL<br \/>\nHostname des zugreifenden Rechners<br \/>\nUhrzeit der Serveranfrage<br \/>\nIP-Adresse<br \/>\nEine Zusammenf\u00fchrung dieser Daten mit anderen Datenquellen wird nicht vorgenommen.<\/p>\n<p>Die Rechtsgrundlage f\u00fcr diese Verarbeitung ist das berechtigte Interesse (Artikel 6 (1) lit. f DSGVO), diese Website professionell und sicher zu betreiben.<\/p>\n<p>[\/et_pb_text][\/et_pb_column][\/et_pb_row][et_pb_row][et_pb_column type=&#8220;4_4&#8243;][et_pb_divider _builder_version=&#8220;3.21.4&#8243; show_divider=&#8220;off&#8220; z_index_tablet=&#8220;500&#8243; \/][\/et_pb_column][\/et_pb_row][\/et_pb_section]<\/p>\n","protected":false},"excerpt":{"rendered":"<p>[et_pb_section bb_built=&#8220;1&#8243; _builder_version=&#8220;3.21.4&#8243; background_image=&#8220;https:\/\/grieche-hamburg.de\/wp-content\/uploads\/2019\/04\/bg-3.jpg&#8220; background_position=&#8220;top_center&#8220; z_index_tablet=&#8220;500&#8243; background_color=&#8220;#e8e7e2&#8243; border_color_all=&#8220;#e02b20&#8243;][et_pb_row _builder_version=&#8220;3.21.4&#8243; z_index_tablet=&#8220;500&#8243; gutter_width=&#8220;4&#8243;][et_pb_column type=&#8220;4_4&#8243;][et_pb_image admin_label=&#8220;Banner&#8220; _builder_version=&#8220;3.21.4&#8243; src=&#8220;https:\/\/grieche-hamburg.de\/wp-content\/uploads\/2019\/04\/Taverna-Banner.jpg&#8220; z_index_tablet=&#8220;500&#8243; align=&#8220;center&#8220; force_fullwidth=&#8220;on&#8220; url=&#8220;https:\/\/grieche-hamburg.de&#8220; \/][et_pb_divider _builder_version=&#8220;3.21.4&#8243; show_divider=&#8220;off&#8220; z_index_tablet=&#8220;500&#8243; \/][\/et_pb_column][\/et_pb_row][et_pb_row _builder_version=&#8220;3.21.4&#8243; background_color=&#8220;#ffffff&#8220; z_index_tablet=&#8220;500&#8243; custom_padding=&#8220;30px|30px|30px|30px&#8220;][et_pb_column type=&#8220;4_4&#8243;][et_pb_text _builder_version=&#8220;3.21.4&#8243; z_index_tablet=&#8220;500&#8243; text_text_color=&#8220;#606060&#8243; header_text_color=&#8220;#025394&#8243;] I. Datenschutzhinweise 1. Allgemeine Hinweise Der Schutz Ihrer pers\u00f6nlichen Daten ist uns sehr wichtig. Wir halten uns selbstverst\u00e4ndlich an die Bestimmungen der [&hellip;]<\/p>\n","protected":false},"author":2,"featured_media":0,"parent":0,"menu_order":0,"comment_status":"closed","ping_status":"closed","template":"","meta":{"_et_pb_use_builder":"on","_et_pb_old_content":"<div id=\"body\"><div id=\"datenschutz\"><h2>Datenschutzerkl\u00e4rung<\/h2><p>Diese Erkl\u00e4rung gibt einen \u00dcberblick dar\u00fcber, welche Daten zu welchem Zweck durch diese Website erhoben und gespeichert werden.<\/p><p>In den Serverstatistiken, die automatisch erstellt werden, werden Daten gespeichert, die ein Browser \u00fcbermittelt. Dies sind unter anderem:<\/p><ul><li>Browsertyp\/-version<\/li><li>verwendetes Betriebssystem<\/li><li>Referrer URL (die zuvor besuchte Seite)<\/li><li>Hostname des zugreifenden Rechners (IP-Adresse)<\/li><li>Uhrzeit der Serveranfrage<\/li><\/ul><p>Diese Daten sind f\u00fcr uns nicht bestimmten Personen zuordbar. Eine Zusammenf\u00fchrung dieser Daten mit anderen Datenquellen wird nicht vorgenommen.<\/p><p>In keinem Fall werden die erhobenen Daten verkauft oder aus anderen Gr\u00fcnden an Dritte weitergegeben.<\/p><h2>Auskunftsrecht<\/h2><p>Wenn Sie weitere Fragen zur Behandlung der Daten haben, stehen wir Ihnen jederzeit zur Verf\u00fcgung.<\/p><\/div><\/div>"},"_links":{"self":[{"href":"https:\/\/grieche-hamburg.de\/index.php\/wp-json\/wp\/v2\/pages\/3"}],"collection":[{"href":"https:\/\/grieche-hamburg.de\/index.php\/wp-json\/wp\/v2\/pages"}],"about":[{"href":"https:\/\/grieche-hamburg.de\/index.php\/wp-json\/wp\/v2\/types\/page"}],"author":[{"embeddable":true,"href":"https:\/\/grieche-hamburg.de\/index.php\/wp-json\/wp\/v2\/users\/2"}],"replies":[{"embeddable":true,"href":"https:\/\/grieche-hamburg.de\/index.php\/wp-json\/wp\/v2\/comments?post=3"}],"version-history":[{"count":9,"href":"https:\/\/grieche-hamburg.de\/index.php\/wp-json\/wp\/v2\/pages\/3\/revisions"}],"predecessor-version":[{"id":104,"href":"https:\/\/grieche-hamburg.de\/index.php\/wp-json\/wp\/v2\/pages\/3\/revisions\/104"}],"wp:attachment":[{"href":"https:\/\/grieche-hamburg.de\/index.php\/wp-json\/wp\/v2\/media?parent=3"}],"curies":[{"name":"wp","href":"https:\/\/api.w.org\/{rel}","templated":true}]}}